{"id":1085,"date":"2023-12-21T20:04:43","date_gmt":"2023-12-21T20:04:43","guid":{"rendered":"https:\/\/riccapizzeria.com\/?page_id=1085"},"modified":"2025-09-01T09:51:33","modified_gmt":"2025-09-01T09:51:33","slug":"localizacion-ricca-pizzeria-sevilla-calle-pavia","status":"publish","type":"page","link":"https:\/\/riccapizzeria.com\/en\/localizacion-ricca-pizzeria-sevilla-calle-pavia\/","title":{"rendered":"Location"},"content":{"rendered":"\t\t<div data-elementor-type=\"wp-page\" data-elementor-id=\"1085\" class=\"elementor elementor-1085\" data-elementor-post-type=\"page\">\n\t\t\t\t\t\t<section class=\"elementor-section elementor-top-section elementor-element elementor-element-9af6ef4 elementor-section-boxed elementor-section-height-default elementor-section-height-default\" data-id=\"9af6ef4\" data-element_type=\"section\" data-e-type=\"section\">\n\t\t\t\t\t\t<div class=\"elementor-container elementor-column-gap-default\">\n\t\t\t\t\t<div class=\"elementor-column elementor-col-100 elementor-top-column elementor-element elementor-element-ffa6375\" data-id=\"ffa6375\" data-element_type=\"column\" data-e-type=\"column\">\n\t\t\t<div class=\"elementor-widget-wrap elementor-element-populated\">\n\t\t\t\t\t\t<div class=\"elementor-element elementor-element-2d96457 elementor-widget elementor-widget-heading\" data-id=\"2d96457\" data-element_type=\"widget\" data-e-type=\"widget\" data-settings=\"{&quot;motion_fx_motion_fx_scrolling&quot;:&quot;yes&quot;,&quot;motion_fx_devices&quot;:[&quot;desktop&quot;,&quot;tablet&quot;,&quot;mobile&quot;]}\" data-widget_type=\"heading.default\">\n\t\t\t\t<div class=\"elementor-widget-container\">\n\t\t\t\t\t<h2 class=\"elementor-heading-title elementor-size-default\">\u00bfD\u00f3nde encontrarnos?<\/h2>\t\t\t\t<\/div>\n\t\t\t\t<\/div>\n\t\t\t\t<section class=\"elementor-section elementor-inner-section elementor-element elementor-element-f5449f3 elementor-section-boxed elementor-section-height-default elementor-section-height-default\" data-id=\"f5449f3\" data-element_type=\"section\" data-e-type=\"section\">\n\t\t\t\t\t\t<div class=\"elementor-container elementor-column-gap-default\">\n\t\t\t\t\t<div class=\"elementor-column elementor-col-100 elementor-inner-column elementor-element elementor-element-f2579a4\" data-id=\"f2579a4\" data-element_type=\"column\" data-e-type=\"column\">\n\t\t\t<div class=\"elementor-widget-wrap elementor-element-populated\">\n\t\t\t\t\t\t<div class=\"elementor-element elementor-element-c70f153 elementor-widget elementor-widget-shortcode\" data-id=\"c70f153\" data-element_type=\"widget\" data-e-type=\"widget\" data-widget_type=\"shortcode.default\">\n\t\t\t\t<div class=\"elementor-widget-container\">\n\t\t\t\t\t\t\t<div class=\"elementor-shortcode\"><iframe \n   data-src=\"https:\/\/www.google.com\/maps\/embed?pb=!1m18!1m12!1m3!1d6340.429792265055!2d-5.996449999999999!3d37.3847499!2m3!1f0!2f0!3f0!3m2!1i1024!2i768!4f13.1!3m3!1m2!1s0xd126daf4003876f%3A0xa93ccf261788c1ce!2sRicca%20Pizzer%C3%ADa!5e0!3m2!1ses!2ses!4v1730801298354!5m2!1ses!2ses\"\n    width=\"600\" \n    height=\"450\" \n    style=\"border:0;\" \n    allowfullscreen=\"\" \n    referrerpolicy=\"no-referrer-when-downgrade\" src=\"data:image\/svg+xml;base64,PHN2ZyB3aWR0aD0iMSIgaGVpZ2h0PSIxIiB4bWxucz0iaHR0cDovL3d3dy53My5vcmcvMjAwMC9zdmciPjwvc3ZnPg==\" class=\"lazyload\" data-load-mode=\"1\">\n<\/iframe><\/div>\n\t\t\t\t\t\t<\/div>\n\t\t\t\t<\/div>\n\t\t\t\t\t<\/div>\n\t\t<\/div>\n\t\t\t\t\t<\/div>\n\t\t<\/section>\n\t\t\t\t<div class=\"elementor-element elementor-element-7fd23c3 elementor-mobile-align-justify elementor-align-center elementor-widget elementor-widget-button\" data-id=\"7fd23c3\" data-element_type=\"widget\" data-e-type=\"widget\" data-widget_type=\"button.default\">\n\t\t\t\t<div class=\"elementor-widget-container\">\n\t\t\t\t\t\t\t\t\t<div class=\"elementor-button-wrapper\">\n\t\t\t\t\t<a class=\"elementor-button elementor-button-link elementor-size-sm\" href=\"https:\/\/g.page\/r\/Cc7BiBcmzzypEB0\" target=\"_blank\" rel=\"nofollow\">\n\t\t\t\t\t\t<span class=\"elementor-button-content-wrapper\">\n\t\t\t\t\t\t<span class=\"elementor-button-icon\">\n\t\t\t\t<i aria-hidden=\"true\" class=\"fas fa-map-marked-alt\"><\/i>\t\t\t<\/span>\n\t\t\t\t\t\t\t\t\t<span class=\"elementor-button-text\">Aqu\u00ed<\/span>\n\t\t\t\t\t<\/span>\n\t\t\t\t\t<\/a>\n\t\t\t\t<\/div>\n\t\t\t\t\t\t\t\t<\/div>\n\t\t\t\t<\/div>\n\t\t\t\t\t<\/div>\n\t\t<\/div>\n\t\t\t\t\t<\/div>\n\t\t<\/section>\n\t\t\t\t<section class=\"elementor-section elementor-top-section elementor-element elementor-element-2ba35b8 enlaces-oscuros elementor-section-boxed elementor-section-height-default elementor-section-height-default\" data-id=\"2ba35b8\" data-element_type=\"section\" data-e-type=\"section\">\n\t\t\t\t\t\t<div class=\"elementor-container elementor-column-gap-default\">\n\t\t\t\t\t<div class=\"elementor-column elementor-col-100 elementor-top-column elementor-element elementor-element-970d308\" data-id=\"970d308\" data-element_type=\"column\" data-e-type=\"column\">\n\t\t\t<div class=\"elementor-widget-wrap elementor-element-populated\">\n\t\t\t\t\t\t<div class=\"elementor-element elementor-element-285f7f2 elementor-widget elementor-widget-heading\" data-id=\"285f7f2\" data-element_type=\"widget\" data-e-type=\"widget\" data-settings=\"{&quot;motion_fx_motion_fx_scrolling&quot;:&quot;yes&quot;,&quot;motion_fx_devices&quot;:[&quot;desktop&quot;,&quot;tablet&quot;,&quot;mobile&quot;]}\" data-widget_type=\"heading.default\">\n\t\t\t\t<div class=\"elementor-widget-container\">\n\t\t\t\t\t<h2 class=\"elementor-heading-title elementor-size-default\">Informaci\u00f3n de Inter\u00e9s:<\/h2>\t\t\t\t<\/div>\n\t\t\t\t<\/div>\n\t\t\t\t<section class=\"elementor-section elementor-inner-section elementor-element elementor-element-aa69204 elementor-section-boxed elementor-section-height-default elementor-section-height-default\" data-id=\"aa69204\" data-element_type=\"section\" data-e-type=\"section\">\n\t\t\t\t\t\t<div class=\"elementor-container elementor-column-gap-default\">\n\t\t\t\t\t<div class=\"elementor-column elementor-col-33 elementor-inner-column elementor-element elementor-element-be40496\" data-id=\"be40496\" data-element_type=\"column\" data-e-type=\"column\">\n\t\t\t<div class=\"elementor-widget-wrap elementor-element-populated\">\n\t\t\t\t\t\t<div class=\"elementor-element elementor-element-c506368 elementor-widget elementor-widget-heading\" data-id=\"c506368\" data-element_type=\"widget\" data-e-type=\"widget\" data-settings=\"{&quot;motion_fx_motion_fx_scrolling&quot;:&quot;yes&quot;,&quot;motion_fx_devices&quot;:[&quot;desktop&quot;,&quot;tablet&quot;,&quot;mobile&quot;]}\" data-widget_type=\"heading.default\">\n\t\t\t\t<div class=\"elementor-widget-container\">\n\t\t\t\t\t<h3 class=\"elementor-heading-title elementor-size-default\">Horario del Restaurante<\/h3>\t\t\t\t<\/div>\n\t\t\t\t<\/div>\n\t\t\t\t<div class=\"elementor-element elementor-element-bb5b04d elementor-mobile-align-center elementor-icon-list--layout-traditional elementor-list-item-link-full_width elementor-widget elementor-widget-icon-list\" data-id=\"bb5b04d\" data-element_type=\"widget\" data-e-type=\"widget\" data-widget_type=\"icon-list.default\">\n\t\t\t\t<div class=\"elementor-widget-container\">\n\t\t\t\t\t\t\t<ul class=\"elementor-icon-list-items\">\n\t\t\t\t\t\t\t<li class=\"elementor-icon-list-item\">\n\t\t\t\t\t\t\t\t\t\t<span class=\"elementor-icon-list-text\">Lunes 13:00- 15:30, 19:00-23:00<\/span>\n\t\t\t\t\t\t\t\t\t<\/li>\n\t\t\t\t\t\t\t\t<li class=\"elementor-icon-list-item\">\n\t\t\t\t\t\t\t\t\t\t<span class=\"elementor-icon-list-text\">Martes 13:00- 15:30, 19:00-23:00<\/span>\n\t\t\t\t\t\t\t\t\t<\/li>\n\t\t\t\t\t\t\t\t<li class=\"elementor-icon-list-item\">\n\t\t\t\t\t\t\t\t\t\t<span class=\"elementor-icon-list-text\">Mi\u00e9rcoles 13:00- 15:30, 19:00-23:00<\/span>\n\t\t\t\t\t\t\t\t\t<\/li>\n\t\t\t\t\t\t\t\t<li class=\"elementor-icon-list-item\">\n\t\t\t\t\t\t\t\t\t\t<span class=\"elementor-icon-list-text\">Jueves 13:00- 15:30, 19:00-23:00<\/span>\n\t\t\t\t\t\t\t\t\t<\/li>\n\t\t\t\t\t\t\t\t<li class=\"elementor-icon-list-item\">\n\t\t\t\t\t\t\t\t\t\t<span class=\"elementor-icon-list-text\">Viernes 13:00 - 23:00<\/span>\n\t\t\t\t\t\t\t\t\t<\/li>\n\t\t\t\t\t\t\t\t<li class=\"elementor-icon-list-item\">\n\t\t\t\t\t\t\t\t\t\t<span class=\"elementor-icon-list-text\">S\u00e1bado 13:00 - 23:00<\/span>\n\t\t\t\t\t\t\t\t\t<\/li>\n\t\t\t\t\t\t\t\t<li class=\"elementor-icon-list-item\">\n\t\t\t\t\t\t\t\t\t\t<span class=\"elementor-icon-list-text\">Domingo 13:00 - 23:00<\/span>\n\t\t\t\t\t\t\t\t\t<\/li>\n\t\t\t\t\t\t<\/ul>\n\t\t\t\t\t\t<\/div>\n\t\t\t\t<\/div>\n\t\t\t\t\t<\/div>\n\t\t<\/div>\n\t\t\t\t<div class=\"elementor-column elementor-col-33 elementor-inner-column elementor-element elementor-element-1be7856\" data-id=\"1be7856\" data-element_type=\"column\" data-e-type=\"column\">\n\t\t\t<div class=\"elementor-widget-wrap elementor-element-populated\">\n\t\t\t\t\t\t<div class=\"elementor-element elementor-element-187b45f elementor-widget elementor-widget-heading\" data-id=\"187b45f\" data-element_type=\"widget\" data-e-type=\"widget\" data-settings=\"{&quot;motion_fx_motion_fx_scrolling&quot;:&quot;yes&quot;,&quot;motion_fx_devices&quot;:[&quot;desktop&quot;,&quot;tablet&quot;,&quot;mobile&quot;]}\" data-widget_type=\"heading.default\">\n\t\t\t\t<div class=\"elementor-widget-container\">\n\t\t\t\t\t<h3 class=\"elementor-heading-title elementor-size-default\">Direcci\u00f3n<\/h3>\t\t\t\t<\/div>\n\t\t\t\t<\/div>\n\t\t\t\t<div class=\"elementor-element elementor-element-0e11e09 elementor-mobile-align-center elementor-icon-list--layout-traditional elementor-list-item-link-full_width elementor-widget elementor-widget-icon-list\" data-id=\"0e11e09\" data-element_type=\"widget\" data-e-type=\"widget\" data-widget_type=\"icon-list.default\">\n\t\t\t\t<div class=\"elementor-widget-container\">\n\t\t\t\t\t\t\t<ul class=\"elementor-icon-list-items\">\n\t\t\t\t\t\t\t<li class=\"elementor-icon-list-item\">\n\t\t\t\t\t\t\t\t\t\t\t<a href=\"https:\/\/www.google.com\/maps\/place\/\/data=!4m2!3m1!1s0xd126daf4003876f:0xa93ccf261788c1ce?sa=X&#038;ved=1t:8290&#038;ictx=111\">\n\n\t\t\t\t\t\t\t\t\t\t\t<span class=\"elementor-icon-list-text\">C. Dos de Mayo, 26, Casco Antiguo, 41001 Sevilla<\/span>\n\t\t\t\t\t\t\t\t\t\t\t<\/a>\n\t\t\t\t\t\t\t\t\t<\/li>\n\t\t\t\t\t\t\t\t<li class=\"elementor-icon-list-item\">\n\t\t\t\t\t\t\t\t\t\t\t<a href=\"tel:649224173\">\n\n\t\t\t\t\t\t\t\t\t\t\t<span class=\"elementor-icon-list-text\">Tel\u00e9fono: 649 22 41 73<\/span>\n\t\t\t\t\t\t\t\t\t\t\t<\/a>\n\t\t\t\t\t\t\t\t\t<\/li>\n\t\t\t\t\t\t<\/ul>\n\t\t\t\t\t\t<\/div>\n\t\t\t\t<\/div>\n\t\t\t\t\t<\/div>\n\t\t<\/div>\n\t\t\t\t<div class=\"elementor-column elementor-col-33 elementor-inner-column elementor-element elementor-element-8f62904\" data-id=\"8f62904\" data-element_type=\"column\" data-e-type=\"column\">\n\t\t\t<div class=\"elementor-widget-wrap elementor-element-populated\">\n\t\t\t\t\t\t<div class=\"elementor-element elementor-element-a9e6c67 elementor-widget elementor-widget-heading\" data-id=\"a9e6c67\" data-element_type=\"widget\" data-e-type=\"widget\" data-settings=\"{&quot;motion_fx_motion_fx_scrolling&quot;:&quot;yes&quot;,&quot;motion_fx_devices&quot;:[&quot;desktop&quot;,&quot;tablet&quot;,&quot;mobile&quot;]}\" data-widget_type=\"heading.default\">\n\t\t\t\t<div class=\"elementor-widget-container\">\n\t\t\t\t\t<h3 class=\"elementor-heading-title elementor-size-default\">C\u00f3mo llegar<\/h3>\t\t\t\t<\/div>\n\t\t\t\t<\/div>\n\t\t\t\t<div class=\"elementor-element elementor-element-dfbfe0e elementor-mobile-align-center elementor-icon-list--layout-traditional elementor-list-item-link-full_width elementor-widget elementor-widget-icon-list\" data-id=\"dfbfe0e\" data-element_type=\"widget\" data-e-type=\"widget\" data-widget_type=\"icon-list.default\">\n\t\t\t\t<div class=\"elementor-widget-container\">\n\t\t\t\t\t\t\t<ul class=\"elementor-icon-list-items\">\n\t\t\t\t\t\t\t<li class=\"elementor-icon-list-item\">\n\t\t\t\t\t\t\t\t\t\t\t<a href=\"https:\/\/www.google.com\/maps\/place\/Ricca+Pizzer%C3%ADa\/@37.3847499,-5.9990249,17z\/data=!3m1!4b1!4m6!3m5!1s0xd126daf4003876f:0xa93ccf261788c1ce!8m2!3d37.3847499!4d-5.99645!16s%2Fg%2F11v0rbz6ks?hl=es&#038;entry=ttu&#038;g_ep=EgoyMDI1MDYxNy4wIKXMDSoASAFQAw%3D%3D\">\n\n\t\t\t\t\t\t\t\t\t\t\t<span class=\"elementor-icon-list-text\">37.384775, -5.996450<\/span>\n\t\t\t\t\t\t\t\t\t\t\t<\/a>\n\t\t\t\t\t\t\t\t\t<\/li>\n\t\t\t\t\t\t\t\t<li class=\"elementor-icon-list-item\">\n\t\t\t\t\t\t\t\t\t\t\t<a href=\"https:\/\/www.google.com\/maps\/dir\/Torre+del+Oro,+Paseo+de+Crist%C3%B3bal+Col%C3%B3n,+Sevilla\/Ricca+Pizzer%C3%ADa,+C.+Dos+de+Mayo,+26,+Casco+Antiguo,+41001+Sevilla\/@37.3836178,-5.9990864,17z\/data=!3m1!4b1!4m14!4m13!1m5!1m1!1s0xd126c16af11db65:0x7504999e77d24fe5!2m2!1d-5.9962652!2d37.3824569!1m5!1m1!1s0xd126daf4003876f:0xa93ccf261788c1ce!2m2!1d-5.99645!2d37.3847499!3e2?entry=ttu\">\n\n\t\t\t\t\t\t\t\t\t\t\t<span class=\"elementor-icon-list-text\">Desde la Torre del Oro<\/span>\n\t\t\t\t\t\t\t\t\t\t\t<\/a>\n\t\t\t\t\t\t\t\t\t<\/li>\n\t\t\t\t\t\t\t\t<li class=\"elementor-icon-list-item\">\n\t\t\t\t\t\t\t\t\t\t\t<a href=\"https:\/\/www.google.com\/maps\/dir\/Estaci%C3%B3n+de+tren+Sevilla-Santa+Justa,+Calle+Joaquin+Morales+y+Torres,+Sevilla\/Ricca+Pizzer%C3%ADa,+C.+Dos+de+Mayo,+26,+Casco+Antiguo,+41001+Sevilla\/@37.3885428,-5.9900755,16z\/data=!3m1!4b1!4m14!4m13!1m5!1m1!1s0xd126ea585ca9fc9:0x1f6ab089fe7a10b4!2m2!1d-5.9749377!2d37.3923848!1m5!1m1!1s0xd126daf4003876f:0xa93ccf261788c1ce!2m2!1d-5.99645!2d37.3847499!3e0?entry=ttu\">\n\n\t\t\t\t\t\t\t\t\t\t\t<span class=\"elementor-icon-list-text\">Desde Sevilla - Santa Justa<\/span>\n\t\t\t\t\t\t\t\t\t\t\t<\/a>\n\t\t\t\t\t\t\t\t\t<\/li>\n\t\t\t\t\t\t\t\t<li class=\"elementor-icon-list-item\">\n\t\t\t\t\t\t\t\t\t\t\t<a href=\"https:\/\/www.google.com\/maps\/dir\/Puente+de+Isabel+II+(Puente+de+Triana),+Puente+de+Isabel+II,+Sevilla\/Ricca+Pizzer%C3%ADa,+C.+Dos+de+Mayo,+26,+Casco+Antiguo,+41001+Sevilla\/@37.385686,-6.000685,18z\/data=!3m1!4b1!4m14!4m13!1m5!1m1!1s0xd126c136e2b90a5:0x4c0bcc574dff2913!2m2!1d-6.0023751!2d37.3863268!1m5!1m1!1s0xd126daf4003876f:0xa93ccf261788c1ce!2m2!1d-5.99645!2d37.3847499!3e2?entry=ttu\">\n\n\t\t\t\t\t\t\t\t\t\t\t<span class=\"elementor-icon-list-text\">Desde el Puente de Triana<\/span>\n\t\t\t\t\t\t\t\t\t\t\t<\/a>\n\t\t\t\t\t\t\t\t\t<\/li>\n\t\t\t\t\t\t<\/ul>\n\t\t\t\t\t\t<\/div>\n\t\t\t\t<\/div>\n\t\t\t\t\t<\/div>\n\t\t<\/div>\n\t\t\t\t\t<\/div>\n\t\t<\/section>\n\t\t\t\t\t<\/div>\n\t\t<\/div>\n\t\t\t\t\t<\/div>\n\t\t<\/section>\n\t\t\t\t<section class=\"elementor-section elementor-top-section elementor-element elementor-element-079e3b0 elementor-section-boxed elementor-section-height-default elementor-section-height-default\" data-id=\"079e3b0\" data-element_type=\"section\" data-e-type=\"section\">\n\t\t\t\t\t\t<div class=\"elementor-container elementor-column-gap-default\">\n\t\t\t\t\t<div class=\"elementor-column elementor-col-100 elementor-top-column elementor-element elementor-element-3750fc5\" data-id=\"3750fc5\" data-element_type=\"column\" data-e-type=\"column\">\n\t\t\t<div class=\"elementor-widget-wrap\">\n\t\t\t\t\t\t\t<\/div>\n\t\t<\/div>\n\t\t\t\t\t<\/div>\n\t\t<\/section>\n\t\t\t\t<\/div>\n\t\t","protected":false},"excerpt":{"rendered":"<p>\u00bfD\u00f3nde encontrarnos? Aqu\u00ed Informaci\u00f3n de Inter\u00e9s: Horario del Restaurante Lunes 13:00- 15:30, 19:00-23:00 Martes 13:00- 15:30, 19:00-23:00 Mi\u00e9rcoles 13:00- 15:30, 19:00-23:00 Jueves 13:00- 15:30, 19:00-23:00 Viernes 13:00 &#8211; 23:00 S\u00e1bado 13:00 &#8211; 23:00 Domingo 13:00 &#8211; 23:00 Direcci\u00f3n C. Dos de Mayo, 26, Casco Antiguo, 41001 Sevilla Tel\u00e9fono: 649 22 41 73 C\u00f3mo llegar 37.384775, [&hellip;]<\/p>\n","protected":false},"author":2,"featured_media":1121,"parent":0,"menu_order":0,"comment_status":"closed","ping_status":"closed","template":"","meta":{"_joinchat":[],"footnotes":""},"class_list":["post-1085","page","type-page","status-publish","has-post-thumbnail","hentry"],"yoast_head":"<!-- This site is optimized with the Yoast SEO plugin v27.3 - https:\/\/yoast.com\/product\/yoast-seo-wordpress\/ -->\n<title>Localizaci\u00f3n - Ricca<\/title>\n<meta name=\"description\" content=\"Localizaci\u00f3n Ricca Pizzeria Sevilla calle Pav\u00eda\" \/>\n<meta name=\"robots\" content=\"index, follow, max-snippet:-1, max-image-preview:large, max-video-preview:-1\" \/>\n<link rel=\"canonical\" href=\"https:\/\/riccapizzeria.com\/en\/localizacion-ricca-pizzeria-sevilla-calle-pavia\/\" \/>\n<meta property=\"og:locale\" content=\"en_GB\" \/>\n<meta property=\"og:type\" content=\"article\" \/>\n<meta property=\"og:title\" content=\"Localizaci\u00f3n - Ricca\" \/>\n<meta property=\"og:description\" content=\"Localizaci\u00f3n Ricca Pizzeria Sevilla calle Pav\u00eda\" \/>\n<meta property=\"og:url\" content=\"https:\/\/riccapizzeria.com\/en\/localizacion-ricca-pizzeria-sevilla-calle-pavia\/\" \/>\n<meta property=\"og:site_name\" content=\"Ricca\" \/>\n<meta property=\"article:publisher\" content=\"https:\/\/www.facebook.com\/profile.php?id=100088197977314\" \/>\n<meta property=\"article:modified_time\" content=\"2025-09-01T09:51:33+00:00\" \/>\n<meta property=\"og:image\" content=\"https:\/\/riccapizzeria.com\/wp-content\/uploads\/2023\/12\/106A0672.jpg\" \/>\n\t<meta property=\"og:image:width\" content=\"1600\" \/>\n\t<meta property=\"og:image:height\" content=\"900\" \/>\n\t<meta property=\"og:image:type\" content=\"image\/jpeg\" \/>\n<meta name=\"twitter:card\" content=\"summary_large_image\" \/>\n<meta name=\"twitter:label1\" content=\"Estimated reading time\" \/>\n\t<meta name=\"twitter:data1\" content=\"1 minute\" \/>\n<script type=\"application\/ld+json\" class=\"yoast-schema-graph\">{\"@context\":\"https:\\\/\\\/schema.org\",\"@graph\":[{\"@type\":\"WebPage\",\"@id\":\"https:\\\/\\\/riccapizzeria.com\\\/localizacion-ricca-pizzeria-sevilla-calle-pavia\\\/\",\"url\":\"https:\\\/\\\/riccapizzeria.com\\\/localizacion-ricca-pizzeria-sevilla-calle-pavia\\\/\",\"name\":\"Localizaci\u00f3n - Ricca\",\"isPartOf\":{\"@id\":\"https:\\\/\\\/riccapizzeria.com\\\/#website\"},\"primaryImageOfPage\":{\"@id\":\"https:\\\/\\\/riccapizzeria.com\\\/localizacion-ricca-pizzeria-sevilla-calle-pavia\\\/#primaryimage\"},\"image\":{\"@id\":\"https:\\\/\\\/riccapizzeria.com\\\/localizacion-ricca-pizzeria-sevilla-calle-pavia\\\/#primaryimage\"},\"thumbnailUrl\":\"https:\\\/\\\/riccapizzeria.com\\\/wp-content\\\/uploads\\\/2023\\\/12\\\/106A0672.jpg\",\"datePublished\":\"2023-12-21T20:04:43+00:00\",\"dateModified\":\"2025-09-01T09:51:33+00:00\",\"description\":\"Localizaci\u00f3n Ricca Pizzeria Sevilla calle Pav\u00eda\",\"breadcrumb\":{\"@id\":\"https:\\\/\\\/riccapizzeria.com\\\/localizacion-ricca-pizzeria-sevilla-calle-pavia\\\/#breadcrumb\"},\"inLanguage\":\"en-GB\",\"potentialAction\":[{\"@type\":\"ReadAction\",\"target\":[\"https:\\\/\\\/riccapizzeria.com\\\/localizacion-ricca-pizzeria-sevilla-calle-pavia\\\/\"]}]},{\"@type\":\"ImageObject\",\"inLanguage\":\"en-GB\",\"@id\":\"https:\\\/\\\/riccapizzeria.com\\\/localizacion-ricca-pizzeria-sevilla-calle-pavia\\\/#primaryimage\",\"url\":\"https:\\\/\\\/riccapizzeria.com\\\/wp-content\\\/uploads\\\/2023\\\/12\\\/106A0672.jpg\",\"contentUrl\":\"https:\\\/\\\/riccapizzeria.com\\\/wp-content\\\/uploads\\\/2023\\\/12\\\/106A0672.jpg\",\"width\":1600,\"height\":900},{\"@type\":\"BreadcrumbList\",\"@id\":\"https:\\\/\\\/riccapizzeria.com\\\/localizacion-ricca-pizzeria-sevilla-calle-pavia\\\/#breadcrumb\",\"itemListElement\":[{\"@type\":\"ListItem\",\"position\":1,\"name\":\"Home\",\"item\":\"https:\\\/\\\/riccapizzeria.com\\\/\"},{\"@type\":\"ListItem\",\"position\":2,\"name\":\"Localizaci\u00f3n\"}]},{\"@type\":\"WebSite\",\"@id\":\"https:\\\/\\\/riccapizzeria.com\\\/#website\",\"url\":\"https:\\\/\\\/riccapizzeria.com\\\/\",\"name\":\"Ricca\",\"description\":\"La pizza \u00e8 Italiana\",\"publisher\":{\"@id\":\"https:\\\/\\\/riccapizzeria.com\\\/#organization\"},\"potentialAction\":[{\"@type\":\"SearchAction\",\"target\":{\"@type\":\"EntryPoint\",\"urlTemplate\":\"https:\\\/\\\/riccapizzeria.com\\\/?s={search_term_string}\"},\"query-input\":{\"@type\":\"PropertyValueSpecification\",\"valueRequired\":true,\"valueName\":\"search_term_string\"}}],\"inLanguage\":\"en-GB\"},{\"@type\":\"Organization\",\"@id\":\"https:\\\/\\\/riccapizzeria.com\\\/#organization\",\"name\":\"Ricca\",\"url\":\"https:\\\/\\\/riccapizzeria.com\\\/\",\"logo\":{\"@type\":\"ImageObject\",\"inLanguage\":\"en-GB\",\"@id\":\"https:\\\/\\\/riccapizzeria.com\\\/#\\\/schema\\\/logo\\\/image\\\/\",\"url\":\"https:\\\/\\\/riccapizzeria.com\\\/wp-content\\\/uploads\\\/2023\\\/04\\\/logo-ricca-header.png\",\"contentUrl\":\"https:\\\/\\\/riccapizzeria.com\\\/wp-content\\\/uploads\\\/2023\\\/04\\\/logo-ricca-header.png\",\"width\":1010,\"height\":313,\"caption\":\"Ricca\"},\"image\":{\"@id\":\"https:\\\/\\\/riccapizzeria.com\\\/#\\\/schema\\\/logo\\\/image\\\/\"},\"sameAs\":[\"https:\\\/\\\/www.facebook.com\\\/profile.php?id=100088197977314\"]}]}<\/script>\n<!-- \/ Yoast SEO plugin. -->","yoast_head_json":{"title":"Location - Ricca","description":"Location Ricca Pizzeria Sevilla calle Pav\u00eda","robots":{"index":"index","follow":"follow","max-snippet":"max-snippet:-1","max-image-preview":"max-image-preview:large","max-video-preview":"max-video-preview:-1"},"canonical":"https:\/\/riccapizzeria.com\/en\/localizacion-ricca-pizzeria-sevilla-calle-pavia\/","og_locale":"en_GB","og_type":"article","og_title":"Localizaci\u00f3n - Ricca","og_description":"Localizaci\u00f3n Ricca Pizzeria Sevilla calle Pav\u00eda","og_url":"https:\/\/riccapizzeria.com\/en\/localizacion-ricca-pizzeria-sevilla-calle-pavia\/","og_site_name":"Ricca","article_publisher":"https:\/\/www.facebook.com\/profile.php?id=100088197977314","article_modified_time":"2025-09-01T09:51:33+00:00","og_image":[{"width":1600,"height":900,"url":"https:\/\/riccapizzeria.com\/wp-content\/uploads\/2023\/12\/106A0672.jpg","type":"image\/jpeg"}],"twitter_card":"summary_large_image","twitter_misc":{"Estimated reading time":"1 minute"},"schema":{"@context":"https:\/\/schema.org","@graph":[{"@type":"WebPage","@id":"https:\/\/riccapizzeria.com\/localizacion-ricca-pizzeria-sevilla-calle-pavia\/","url":"https:\/\/riccapizzeria.com\/localizacion-ricca-pizzeria-sevilla-calle-pavia\/","name":"Location - Ricca","isPartOf":{"@id":"https:\/\/riccapizzeria.com\/#website"},"primaryImageOfPage":{"@id":"https:\/\/riccapizzeria.com\/localizacion-ricca-pizzeria-sevilla-calle-pavia\/#primaryimage"},"image":{"@id":"https:\/\/riccapizzeria.com\/localizacion-ricca-pizzeria-sevilla-calle-pavia\/#primaryimage"},"thumbnailUrl":"https:\/\/riccapizzeria.com\/wp-content\/uploads\/2023\/12\/106A0672.jpg","datePublished":"2023-12-21T20:04:43+00:00","dateModified":"2025-09-01T09:51:33+00:00","description":"Location Ricca Pizzeria Sevilla calle Pav\u00eda","breadcrumb":{"@id":"https:\/\/riccapizzeria.com\/localizacion-ricca-pizzeria-sevilla-calle-pavia\/#breadcrumb"},"inLanguage":"en-GB","potentialAction":[{"@type":"ReadAction","target":["https:\/\/riccapizzeria.com\/localizacion-ricca-pizzeria-sevilla-calle-pavia\/"]}]},{"@type":"ImageObject","inLanguage":"en-GB","@id":"https:\/\/riccapizzeria.com\/localizacion-ricca-pizzeria-sevilla-calle-pavia\/#primaryimage","url":"https:\/\/riccapizzeria.com\/wp-content\/uploads\/2023\/12\/106A0672.jpg","contentUrl":"https:\/\/riccapizzeria.com\/wp-content\/uploads\/2023\/12\/106A0672.jpg","width":1600,"height":900},{"@type":"BreadcrumbList","@id":"https:\/\/riccapizzeria.com\/localizacion-ricca-pizzeria-sevilla-calle-pavia\/#breadcrumb","itemListElement":[{"@type":"ListItem","position":1,"name":"Home","item":"https:\/\/riccapizzeria.com\/"},{"@type":"ListItem","position":2,"name":"Localizaci\u00f3n"}]},{"@type":"WebSite","@id":"https:\/\/riccapizzeria.com\/#website","url":"https:\/\/riccapizzeria.com\/","name":"Ricca","description":"La pizza \u00e8 Italiana","publisher":{"@id":"https:\/\/riccapizzeria.com\/#organization"},"potentialAction":[{"@type":"SearchAction","target":{"@type":"EntryPoint","urlTemplate":"https:\/\/riccapizzeria.com\/?s={search_term_string}"},"query-input":{"@type":"PropertyValueSpecification","valueRequired":true,"valueName":"search_term_string"}}],"inLanguage":"en-GB"},{"@type":"Organization","@id":"https:\/\/riccapizzeria.com\/#organization","name":"Ricca","url":"https:\/\/riccapizzeria.com\/","logo":{"@type":"ImageObject","inLanguage":"en-GB","@id":"https:\/\/riccapizzeria.com\/#\/schema\/logo\/image\/","url":"https:\/\/riccapizzeria.com\/wp-content\/uploads\/2023\/04\/logo-ricca-header.png","contentUrl":"https:\/\/riccapizzeria.com\/wp-content\/uploads\/2023\/04\/logo-ricca-header.png","width":1010,"height":313,"caption":"Ricca"},"image":{"@id":"https:\/\/riccapizzeria.com\/#\/schema\/logo\/image\/"},"sameAs":["https:\/\/www.facebook.com\/profile.php?id=100088197977314"]}]}},"_links":{"self":[{"href":"https:\/\/riccapizzeria.com\/en\/wp-json\/wp\/v2\/pages\/1085","targetHints":{"allow":["GET"]}}],"collection":[{"href":"https:\/\/riccapizzeria.com\/en\/wp-json\/wp\/v2\/pages"}],"about":[{"href":"https:\/\/riccapizzeria.com\/en\/wp-json\/wp\/v2\/types\/page"}],"author":[{"embeddable":true,"href":"https:\/\/riccapizzeria.com\/en\/wp-json\/wp\/v2\/users\/2"}],"replies":[{"embeddable":true,"href":"https:\/\/riccapizzeria.com\/en\/wp-json\/wp\/v2\/comments?post=1085"}],"version-history":[{"count":172,"href":"https:\/\/riccapizzeria.com\/en\/wp-json\/wp\/v2\/pages\/1085\/revisions"}],"predecessor-version":[{"id":2243,"href":"https:\/\/riccapizzeria.com\/en\/wp-json\/wp\/v2\/pages\/1085\/revisions\/2243"}],"wp:featuredmedia":[{"embeddable":true,"href":"https:\/\/riccapizzeria.com\/en\/wp-json\/wp\/v2\/media\/1121"}],"wp:attachment":[{"href":"https:\/\/riccapizzeria.com\/en\/wp-json\/wp\/v2\/media?parent=1085"}],"curies":[{"name":"wp","href":"https:\/\/api.w.org\/{rel}","templated":true}]}}