{"id":2046,"date":"2025-03-21T08:36:46","date_gmt":"2025-03-21T08:36:46","guid":{"rendered":"https:\/\/riccapizzeria.com\/?page_id=2046"},"modified":"2025-06-23T11:05:13","modified_gmt":"2025-06-23T11:05:13","slug":"canal-anonimo-de-denuncias-de-la-bombonera-group","status":"publish","type":"page","link":"https:\/\/riccapizzeria.com\/en\/canal-anonimo-de-denuncias-de-la-bombonera-group\/","title":{"rendered":"Anonymous Reporting Channel of La Bombonera Group"},"content":{"rendered":"\t\t<div data-elementor-type=\"wp-page\" data-elementor-id=\"2046\" class=\"elementor elementor-2046\" data-elementor-post-type=\"page\">\n\t\t\t\t\t\t<section class=\"elementor-section elementor-top-section elementor-element elementor-element-719c97d5 elementor-section-boxed elementor-section-height-default elementor-section-height-default\" data-id=\"719c97d5\" data-element_type=\"section\" data-e-type=\"section\">\n\t\t\t\t\t\t<div class=\"elementor-container elementor-column-gap-default\">\n\t\t\t\t\t<div class=\"elementor-column elementor-col-100 elementor-top-column elementor-element elementor-element-3ff2ffef\" data-id=\"3ff2ffef\" data-element_type=\"column\" data-e-type=\"column\">\n\t\t\t<div class=\"elementor-widget-wrap elementor-element-populated\">\n\t\t\t\t\t\t<div class=\"elementor-element elementor-element-d0acfe4 elementor-widget elementor-widget-heading\" data-id=\"d0acfe4\" data-element_type=\"widget\" data-e-type=\"widget\" data-settings=\"{&quot;motion_fx_motion_fx_scrolling&quot;:&quot;yes&quot;,&quot;motion_fx_devices&quot;:[&quot;desktop&quot;,&quot;tablet&quot;,&quot;mobile&quot;]}\" data-widget_type=\"heading.default\">\n\t\t\t\t<div class=\"elementor-widget-container\">\n\t\t\t\t\t<h2 class=\"elementor-heading-title elementor-size-default\">Canal An\u00f3nimo de Denuncias de La Bombonera Group<\/h2>\t\t\t\t<\/div>\n\t\t\t\t<\/div>\n\t\t\t\t<div class=\"elementor-element elementor-element-4141ad55 elementor-widget elementor-widget-text-editor\" data-id=\"4141ad55\" data-element_type=\"widget\" data-e-type=\"widget\" data-widget_type=\"text-editor.default\">\n\t\t\t\t<div class=\"elementor-widget-container\">\n\t\t\t\t\t\t\t\t\t<p><\/p>\n<p><\/p>\n<p><\/p>\n<p>En La Bombonera Group estamos comprometidos con la calidad, el respeto en el entorno laboral y el cumplimiento normativo. Con el objetivo de reforzar nuestros controles de calidad y garantizar un ambiente de trabajo \u00f3ptimo, hemos implantado un Canal de Denuncias accesible desde las p\u00e1ginas web del grupo, en el apartado \u00abCanal de Denuncias\u00bb.<\/p>\n<p><\/p>\n<p><\/p>\n<p>Este canal est\u00e1 disponible para empleados, clientes y proveedores, permiti\u00e9ndoles informar de manera an\u00f3nima o identificada sobre conductas irregulares, incumplimientos normativos o cualquier otra situaci\u00f3n que pueda afectar a la empresa o al entorno laboral.<\/p>\n<p><\/p>\t\t\t\t\t\t\t\t<\/div>\n\t\t\t\t<\/div>\n\t\t\t\t<div class=\"elementor-element elementor-element-ab15a1c elementor-widget elementor-widget-spacer\" data-id=\"ab15a1c\" data-element_type=\"widget\" data-e-type=\"widget\" data-widget_type=\"spacer.default\">\n\t\t\t\t<div class=\"elementor-widget-container\">\n\t\t\t\t\t\t\t<div class=\"elementor-spacer\">\n\t\t\t<div class=\"elementor-spacer-inner\"><\/div>\n\t\t<\/div>\n\t\t\t\t\t\t<\/div>\n\t\t\t\t<\/div>\n\t\t\t\t<div class=\"elementor-element elementor-element-d791d77 elementor-align-center elementor-widget elementor-widget-button\" data-id=\"d791d77\" data-element_type=\"widget\" data-e-type=\"widget\" data-widget_type=\"button.default\">\n\t\t\t\t<div class=\"elementor-widget-container\">\n\t\t\t\t\t\t\t\t\t<div class=\"elementor-button-wrapper\">\n\t\t\t\t\t<a class=\"elementor-button elementor-button-link elementor-size-sm\" href=\"https:\/\/app.safevoice.es\/portal\/labomboneragroup\">\n\t\t\t\t\t\t<span class=\"elementor-button-content-wrapper\">\n\t\t\t\t\t\t\t\t\t<span class=\"elementor-button-text\">Canal An\u00f3nimo de Denuncias<\/span>\n\t\t\t\t\t<\/span>\n\t\t\t\t\t<\/a>\n\t\t\t\t<\/div>\n\t\t\t\t\t\t\t\t<\/div>\n\t\t\t\t<\/div>\n\t\t\t\t<div class=\"elementor-element elementor-element-f3ef76e elementor-widget elementor-widget-spacer\" data-id=\"f3ef76e\" data-element_type=\"widget\" data-e-type=\"widget\" data-widget_type=\"spacer.default\">\n\t\t\t\t<div class=\"elementor-widget-container\">\n\t\t\t\t\t\t\t<div class=\"elementor-spacer\">\n\t\t\t<div class=\"elementor-spacer-inner\"><\/div>\n\t\t<\/div>\n\t\t\t\t\t\t<\/div>\n\t\t\t\t<\/div>\n\t\t\t\t<div class=\"elementor-element elementor-element-9d29146 elementor-widget elementor-widget-heading\" data-id=\"9d29146\" data-element_type=\"widget\" data-e-type=\"widget\" data-settings=\"{&quot;motion_fx_motion_fx_scrolling&quot;:&quot;yes&quot;,&quot;motion_fx_devices&quot;:[&quot;desktop&quot;,&quot;tablet&quot;,&quot;mobile&quot;]}\" data-widget_type=\"heading.default\">\n\t\t\t\t<div class=\"elementor-widget-container\">\n\t\t\t\t\t<h2 class=\"elementor-heading-title elementor-size-default\">Preguntas Frecuentes<\/h2>\t\t\t\t<\/div>\n\t\t\t\t<\/div>\n\t\t\t\t<div class=\"elementor-element elementor-element-e32dea7 elementor-widget elementor-widget-text-editor\" data-id=\"e32dea7\" data-element_type=\"widget\" data-e-type=\"widget\" data-widget_type=\"text-editor.default\">\n\t\t\t\t<div class=\"elementor-widget-container\">\n\t\t\t\t\t\t\t\t\t<h3><span style=\"color: #62121e;\"><strong>\u00bfQu\u00e9 es el Canal de Denuncias?<\/strong><\/span><\/h3>\n<p><!-- \/wp:paragraph --><\/p>\n<p><!-- wp:paragraph --><\/p>\n<p>Es un medio de comunicaci\u00f3n a disposici\u00f3n de todos aquellos colectivos definidos con acceso a este canal. A trav\u00e9s de este medio se pueden enviar comunicaciones referidas a los \u00e1mbitos de aplicaci\u00f3n del C\u00f3digo \u00c9tico o de cualquier otra pol\u00edtica y norma interna de aplicaci\u00f3n.<\/p>\n<p><!-- \/wp:paragraph --><\/p>\n<p><!-- wp:paragraph --><\/p>\n<h3><span style=\"color: #62121e;\"><strong>\u00bfEst\u00e1 garantizado el anonimato en la denuncia?<\/strong><\/span><\/h3>\n<p><!-- \/wp:paragraph --><\/p>\n<p><!-- wp:paragraph --><\/p>\n<p>S\u00ed. En el proceso de denuncia, usted podr\u00e1 decidir si informa de sus datos personales o no. Si decide no hacerlo, podr\u00e1 seguir el estado de su denuncia mediante un usuario y clave que el canal le proporcionar\u00e1. El canal no registra informaci\u00f3n de la IP desde donde se conecta.<\/p>\n<p><!-- \/wp:paragraph --><\/p>\n<p><!-- wp:paragraph --><\/p>\n<h3><span style=\"color: #62121e;\"><strong>He perdido la clave de acceso para consultar el estado de la denuncia, \u00bfqu\u00e9 puedo hacer?<\/strong><\/span><\/h3>\n<p><!-- \/wp:paragraph --><\/p>\n<p><!-- wp:paragraph --><\/p>\n<p>Por motivos de seguridad, solo el denunciante conoce su c\u00f3digo de acceso y su clave. Si los pierde, no podr\u00e1 hacer un seguimiento de la comunicaci\u00f3n ni aportar informaci\u00f3n adicional si la empresa lo requiere. Sin embargo, la denuncia seguir\u00e1 su curso habitual.<\/p>\n<p><!-- \/wp:paragraph --><\/p>\n<p><!-- wp:paragraph --><\/p>\n<h3><span style=\"color: #62121e;\"><strong>\u00bfSi hay una urgencia, debo utilizar este canal?<\/strong><\/span><\/h3>\n<p><!-- \/wp:paragraph --><\/p>\n<p><!-- wp:paragraph --><\/p>\n<p>No, este canal no est\u00e1 pensado para gestionar urgencias o emergencias. En estos casos, se recomienda contactar directamente con las autoridades o servicios de emergencia correspondientes.<\/p>\n<p><!-- \/wp:paragraph --><\/p>\n<p><!-- wp:paragraph --><\/p>\n<h3><span style=\"color: #62121e;\"><strong>\u00bfQui\u00e9n gestiona las denuncias?<\/strong><\/span><\/h3>\n<p><!-- \/wp:paragraph --><\/p>\n<p><!-- wp:paragraph --><\/p>\n<p>El Responsable del Canal u \u00f3rgano competente designado por la empresa. Todas las personas que intervienen en la investigaci\u00f3n est\u00e1n sujetas al deber de confidencialidad y a la pol\u00edtica de privacidad de la empresa.<\/p>\n<h3><span style=\"color: #62121e;\"><strong>\u00bfCu\u00e1ndo recibir\u00e9 respuesta sobre mi denuncia o consulta? \u00bfCu\u00e1l es el plazo de resoluci\u00f3n?<\/strong><\/span><\/h3>\n<p><!-- \/wp:paragraph --><\/p>\n<p><!-- wp:paragraph --><\/p>\n<p>El Comit\u00e9 de Compliance confirmar\u00e1 la recepci\u00f3n de la denuncia en un plazo m\u00e1ximo de 7 d\u00edas. La resoluci\u00f3n se dar\u00e1 en un m\u00e1ximo de 90 d\u00edas, salvo que la complejidad del caso requiera m\u00e1s tiempo de forma justificada.<\/p>\n<p><!-- \/wp:paragraph --><\/p>\n<p><!-- wp:paragraph --><\/p>\n<h3><span style=\"color: #62121e;\"><strong>\u00bfPuedo usar un canal externo para la denuncia?<\/strong><\/span><\/h3>\n<p><!-- \/wp:paragraph --><\/p>\n<p><!-- wp:paragraph --><\/p>\n<p>S\u00ed. La Ley 2\/2023 permite presentar denuncias a trav\u00e9s del canal externo de la comunidad aut\u00f3noma correspondiente, sin necesidad de haber utilizado previamente este canal interno.<\/p>\n<p><!-- \/wp:paragraph --><\/p>\n<p><!-- wp:paragraph --><\/p>\n<h3><span style=\"color: #62121e;\"><strong>Compromiso con la Calidad y el Respeto<\/strong><\/span><\/h3>\n<p><!-- \/wp:paragraph --><\/p>\n<p><!-- wp:paragraph --><\/p>\n<p>Este canal se ha implantado con el prop\u00f3sito de garantizar un entorno de trabajo respetuoso, mejorar continuamente nuestros est\u00e1ndares de calidad y cumplir con la legislaci\u00f3n vigente.<\/p>\n<p><!-- \/wp:paragraph --><\/p>\n<p><!-- wp:paragraph --><\/p>\n<p>Para cualquier duda o sugerencia de mejora sobre el funcionamiento del canal, pueden dirigirse a Cecilia, directora de Recursos Humanos, como es habitual.<\/p>\n<p><!-- \/wp:paragraph --><\/p>\n<p><!-- wp:paragraph --><\/p>\n<p><!-- \/wp:paragraph --><\/p>\n<p><!-- wp:spacer {\"height\":\"95px\"} --><\/p>\n<p><!-- \/wp:spacer --><\/p>\t\t\t\t\t\t\t\t<\/div>\n\t\t\t\t<\/div>\n\t\t\t\t<div class=\"elementor-element elementor-element-7e75b3f elementor-widget elementor-widget-text-editor\" data-id=\"7e75b3f\" data-element_type=\"widget\" data-e-type=\"widget\" data-widget_type=\"text-editor.default\">\n\t\t\t\t<div class=\"elementor-widget-container\">\n\t\t\t\t\t\t\t\t\tEn Sevilla a April 21, 2026\t\t\t\t\t\t\t\t<\/div>\n\t\t\t\t<\/div>\n\t\t\t\t\t<\/div>\n\t\t<\/div>\n\t\t\t\t\t<\/div>\n\t\t<\/section>\n\t\t\t\t<\/div>\n\t\t","protected":false},"excerpt":{"rendered":"<p>Canal An\u00f3nimo de Denuncias de La Bombonera Group En La Bombonera Group estamos comprometidos con la calidad, el respeto en el entorno laboral y el cumplimiento normativo. Con el objetivo de reforzar nuestros controles de calidad y garantizar un ambiente de trabajo \u00f3ptimo, hemos implantado un Canal de Denuncias accesible desde las p\u00e1ginas web del [&hellip;]<\/p>\n","protected":false},"author":5,"featured_media":0,"parent":0,"menu_order":0,"comment_status":"closed","ping_status":"closed","template":"","meta":{"_joinchat":[],"footnotes":""},"class_list":["post-2046","page","type-page","status-publish","hentry"],"yoast_head":"<!-- This site is optimized with the Yoast SEO plugin v27.3 - https:\/\/yoast.com\/product\/yoast-seo-wordpress\/ -->\n<title>Canal An\u00f3nimo de Denuncias de La Bombonera Group - Ricca<\/title>\n<meta name=\"robots\" content=\"noindex, nofollow\" \/>\n<meta property=\"og:locale\" content=\"en_GB\" \/>\n<meta property=\"og:type\" content=\"article\" \/>\n<meta property=\"og:title\" content=\"Canal An\u00f3nimo de Denuncias de La Bombonera Group - Ricca\" \/>\n<meta property=\"og:description\" content=\"Canal An\u00f3nimo de Denuncias de La Bombonera Group En La Bombonera Group estamos comprometidos con la calidad, el respeto en el entorno laboral y el cumplimiento normativo. Con el objetivo de reforzar nuestros controles de calidad y garantizar un ambiente de trabajo \u00f3ptimo, hemos implantado un Canal de Denuncias accesible desde las p\u00e1ginas web del [&hellip;]\" \/>\n<meta property=\"og:url\" content=\"https:\/\/riccapizzeria.com\/en\/canal-anonimo-de-denuncias-de-la-bombonera-group\/\" \/>\n<meta property=\"og:site_name\" content=\"Ricca\" \/>\n<meta property=\"article:publisher\" content=\"https:\/\/www.facebook.com\/profile.php?id=100088197977314\" \/>\n<meta property=\"article:modified_time\" content=\"2025-06-23T11:05:13+00:00\" \/>\n<meta name=\"twitter:card\" content=\"summary_large_image\" \/>\n<meta name=\"twitter:label1\" content=\"Estimated reading time\" \/>\n\t<meta name=\"twitter:data1\" content=\"3 minutes\" \/>\n<script type=\"application\/ld+json\" class=\"yoast-schema-graph\">{\"@context\":\"https:\\\/\\\/schema.org\",\"@graph\":[{\"@type\":\"WebPage\",\"@id\":\"https:\\\/\\\/riccapizzeria.com\\\/canal-anonimo-de-denuncias-de-la-bombonera-group\\\/\",\"url\":\"https:\\\/\\\/riccapizzeria.com\\\/canal-anonimo-de-denuncias-de-la-bombonera-group\\\/\",\"name\":\"Canal An\u00f3nimo de Denuncias de La Bombonera Group - Ricca\",\"isPartOf\":{\"@id\":\"https:\\\/\\\/riccapizzeria.com\\\/#website\"},\"datePublished\":\"2025-03-21T08:36:46+00:00\",\"dateModified\":\"2025-06-23T11:05:13+00:00\",\"breadcrumb\":{\"@id\":\"https:\\\/\\\/riccapizzeria.com\\\/canal-anonimo-de-denuncias-de-la-bombonera-group\\\/#breadcrumb\"},\"inLanguage\":\"en-GB\",\"potentialAction\":[{\"@type\":\"ReadAction\",\"target\":[\"https:\\\/\\\/riccapizzeria.com\\\/canal-anonimo-de-denuncias-de-la-bombonera-group\\\/\"]}]},{\"@type\":\"BreadcrumbList\",\"@id\":\"https:\\\/\\\/riccapizzeria.com\\\/canal-anonimo-de-denuncias-de-la-bombonera-group\\\/#breadcrumb\",\"itemListElement\":[{\"@type\":\"ListItem\",\"position\":1,\"name\":\"Home\",\"item\":\"https:\\\/\\\/riccapizzeria.com\\\/\"},{\"@type\":\"ListItem\",\"position\":2,\"name\":\"Canal An\u00f3nimo de Denuncias de La Bombonera Group\"}]},{\"@type\":\"WebSite\",\"@id\":\"https:\\\/\\\/riccapizzeria.com\\\/#website\",\"url\":\"https:\\\/\\\/riccapizzeria.com\\\/\",\"name\":\"Ricca\",\"description\":\"La pizza \u00e8 Italiana\",\"publisher\":{\"@id\":\"https:\\\/\\\/riccapizzeria.com\\\/#organization\"},\"potentialAction\":[{\"@type\":\"SearchAction\",\"target\":{\"@type\":\"EntryPoint\",\"urlTemplate\":\"https:\\\/\\\/riccapizzeria.com\\\/?s={search_term_string}\"},\"query-input\":{\"@type\":\"PropertyValueSpecification\",\"valueRequired\":true,\"valueName\":\"search_term_string\"}}],\"inLanguage\":\"en-GB\"},{\"@type\":\"Organization\",\"@id\":\"https:\\\/\\\/riccapizzeria.com\\\/#organization\",\"name\":\"Ricca\",\"url\":\"https:\\\/\\\/riccapizzeria.com\\\/\",\"logo\":{\"@type\":\"ImageObject\",\"inLanguage\":\"en-GB\",\"@id\":\"https:\\\/\\\/riccapizzeria.com\\\/#\\\/schema\\\/logo\\\/image\\\/\",\"url\":\"https:\\\/\\\/riccapizzeria.com\\\/wp-content\\\/uploads\\\/2023\\\/04\\\/logo-ricca-header.png\",\"contentUrl\":\"https:\\\/\\\/riccapizzeria.com\\\/wp-content\\\/uploads\\\/2023\\\/04\\\/logo-ricca-header.png\",\"width\":1010,\"height\":313,\"caption\":\"Ricca\"},\"image\":{\"@id\":\"https:\\\/\\\/riccapizzeria.com\\\/#\\\/schema\\\/logo\\\/image\\\/\"},\"sameAs\":[\"https:\\\/\\\/www.facebook.com\\\/profile.php?id=100088197977314\"]}]}<\/script>\n<!-- \/ Yoast SEO plugin. -->","yoast_head_json":{"title":"La Bombonera Group's Anonymous Whistleblower Channel - Ricca","robots":{"index":"noindex","follow":"nofollow"},"og_locale":"en_GB","og_type":"article","og_title":"Canal An\u00f3nimo de Denuncias de La Bombonera Group - Ricca","og_description":"Canal An\u00f3nimo de Denuncias de La Bombonera Group En La Bombonera Group estamos comprometidos con la calidad, el respeto en el entorno laboral y el cumplimiento normativo. Con el objetivo de reforzar nuestros controles de calidad y garantizar un ambiente de trabajo \u00f3ptimo, hemos implantado un Canal de Denuncias accesible desde las p\u00e1ginas web del [&hellip;]","og_url":"https:\/\/riccapizzeria.com\/en\/canal-anonimo-de-denuncias-de-la-bombonera-group\/","og_site_name":"Ricca","article_publisher":"https:\/\/www.facebook.com\/profile.php?id=100088197977314","article_modified_time":"2025-06-23T11:05:13+00:00","twitter_card":"summary_large_image","twitter_misc":{"Estimated reading time":"3 minutes"},"schema":{"@context":"https:\/\/schema.org","@graph":[{"@type":"WebPage","@id":"https:\/\/riccapizzeria.com\/canal-anonimo-de-denuncias-de-la-bombonera-group\/","url":"https:\/\/riccapizzeria.com\/canal-anonimo-de-denuncias-de-la-bombonera-group\/","name":"La Bombonera Group's Anonymous Whistleblower Channel - Ricca","isPartOf":{"@id":"https:\/\/riccapizzeria.com\/#website"},"datePublished":"2025-03-21T08:36:46+00:00","dateModified":"2025-06-23T11:05:13+00:00","breadcrumb":{"@id":"https:\/\/riccapizzeria.com\/canal-anonimo-de-denuncias-de-la-bombonera-group\/#breadcrumb"},"inLanguage":"en-GB","potentialAction":[{"@type":"ReadAction","target":["https:\/\/riccapizzeria.com\/canal-anonimo-de-denuncias-de-la-bombonera-group\/"]}]},{"@type":"BreadcrumbList","@id":"https:\/\/riccapizzeria.com\/canal-anonimo-de-denuncias-de-la-bombonera-group\/#breadcrumb","itemListElement":[{"@type":"ListItem","position":1,"name":"Home","item":"https:\/\/riccapizzeria.com\/"},{"@type":"ListItem","position":2,"name":"Canal An\u00f3nimo de Denuncias de La Bombonera Group"}]},{"@type":"WebSite","@id":"https:\/\/riccapizzeria.com\/#website","url":"https:\/\/riccapizzeria.com\/","name":"Ricca","description":"La pizza \u00e8 Italiana","publisher":{"@id":"https:\/\/riccapizzeria.com\/#organization"},"potentialAction":[{"@type":"SearchAction","target":{"@type":"EntryPoint","urlTemplate":"https:\/\/riccapizzeria.com\/?s={search_term_string}"},"query-input":{"@type":"PropertyValueSpecification","valueRequired":true,"valueName":"search_term_string"}}],"inLanguage":"en-GB"},{"@type":"Organization","@id":"https:\/\/riccapizzeria.com\/#organization","name":"Ricca","url":"https:\/\/riccapizzeria.com\/","logo":{"@type":"ImageObject","inLanguage":"en-GB","@id":"https:\/\/riccapizzeria.com\/#\/schema\/logo\/image\/","url":"https:\/\/riccapizzeria.com\/wp-content\/uploads\/2023\/04\/logo-ricca-header.png","contentUrl":"https:\/\/riccapizzeria.com\/wp-content\/uploads\/2023\/04\/logo-ricca-header.png","width":1010,"height":313,"caption":"Ricca"},"image":{"@id":"https:\/\/riccapizzeria.com\/#\/schema\/logo\/image\/"},"sameAs":["https:\/\/www.facebook.com\/profile.php?id=100088197977314"]}]}},"_links":{"self":[{"href":"https:\/\/riccapizzeria.com\/en\/wp-json\/wp\/v2\/pages\/2046","targetHints":{"allow":["GET"]}}],"collection":[{"href":"https:\/\/riccapizzeria.com\/en\/wp-json\/wp\/v2\/pages"}],"about":[{"href":"https:\/\/riccapizzeria.com\/en\/wp-json\/wp\/v2\/types\/page"}],"author":[{"embeddable":true,"href":"https:\/\/riccapizzeria.com\/en\/wp-json\/wp\/v2\/users\/5"}],"replies":[{"embeddable":true,"href":"https:\/\/riccapizzeria.com\/en\/wp-json\/wp\/v2\/comments?post=2046"}],"version-history":[{"count":55,"href":"https:\/\/riccapizzeria.com\/en\/wp-json\/wp\/v2\/pages\/2046\/revisions"}],"predecessor-version":[{"id":2201,"href":"https:\/\/riccapizzeria.com\/en\/wp-json\/wp\/v2\/pages\/2046\/revisions\/2201"}],"wp:attachment":[{"href":"https:\/\/riccapizzeria.com\/en\/wp-json\/wp\/v2\/media?parent=2046"}],"curies":[{"name":"wp","href":"https:\/\/api.w.org\/{rel}","templated":true}]}}